{"id":1333,"date":"2024-01-28T11:46:13","date_gmt":"2024-01-28T10:46:13","guid":{"rendered":"https:\/\/serialkillerarchives.com\/?page_id=1333"},"modified":"2024-02-01T19:48:39","modified_gmt":"2024-02-01T18:48:39","slug":"codigo-etico","status":"publish","type":"page","link":"https:\/\/serialkillerarchives.com\/index.php\/codigo-etico\/","title":{"rendered":"C\u00f3digo \u00c9tico"},"content":{"rendered":"\n<ul class=\"has-medium-font-size\">\n<li>El rigor informativo es nuestro principal principio \u00e9tico.<\/li>\n\n\n\n<li>La psicolog\u00eda humana y sus complejidades es la piedra angular alrededor de la que gira todo el proyecto.<\/li>\n\n\n\n<li>Tratamos de dar respuesta a preguntas como: \u00bfPor qu\u00e9 cometieron estos atroces cr\u00edmenes? \u00bfQu\u00e9 demonios ocurre en la mente de un asesino?<\/li>\n\n\n\n<li>En esta web no se fomenta el crimen, se tratan los hechos desde un \u00fanico punto de vista informativo.<\/li>\n\n\n\n<li>Los tristes cr\u00edmenes que se relatan forman parte de la historia m\u00e1s oscura de la humanidad y nunca debieron ocurrir.<\/li>\n\n\n\n<li>Le corresponde al poder judicial de cada pa\u00eds determinar la responsabilidad penal de cada uno de los criminales.<\/li>\n\n\n\n<li>La informaci\u00f3n publicada se ci\u00f1e a los hechos objetivos tristemente acaecidos, guardando el m\u00e1ximo respeto a v\u00edctimas y familiares.<\/li>\n\n\n\n<li>Se trata de evitar im\u00e1genes morbosas con expresiones gratuitas de violencia extrema.<\/li>\n\n\n\n<li>Se utiliza la inteligencia artificial para la creaci\u00f3n de algunos art\u00edculos e im\u00e1genes siempre bajo supervisi\u00f3n humana.<\/li>\n\n\n\n<li>Las referencias bibliogr\u00e1ficas consultadas en la creaci\u00f3n de este sitio web informativo est\u00e1n publicadas dentro del mismo.<\/li>\n\n\n\n<li>Los datos e informaciones publicadas se basan en una previa y s\u00f3lida investigaci\u00f3n de fuentes de m\u00e1xima fiabilidad y credibilidad.<\/li>\n<\/ul>\n","protected":false},"excerpt":{"rendered":"","protected":false},"author":1,"featured_media":0,"parent":0,"menu_order":0,"comment_status":"closed","ping_status":"closed","template":"","meta":{"footnotes":""},"yoast_head":"<!-- This site is optimized with the Yoast SEO plugin v21.7 - https:\/\/yoast.com\/wordpress\/plugins\/seo\/ -->\n<title>C\u00f3digo \u00c9tico - serialkillerarchives.com<\/title>\n<meta name=\"description\" content=\"La informaci\u00f3n publicada se ci\u00f1e a los hechos objetivos tristemente acaecidos, guardando el m\u00e1ximo respeto a v\u00edctimas y familiares.\" \/>\n<meta name=\"robots\" content=\"noindex, follow\" \/>\n<meta property=\"og:locale\" content=\"en_US\" \/>\n<meta property=\"og:type\" content=\"article\" \/>\n<meta property=\"og:title\" content=\"C\u00f3digo \u00c9tico - serialkillerarchives.com\" \/>\n<meta property=\"og:description\" content=\"La informaci\u00f3n publicada se ci\u00f1e a los hechos objetivos tristemente acaecidos, guardando el m\u00e1ximo respeto a v\u00edctimas y familiares.\" \/>\n<meta property=\"og:url\" content=\"https:\/\/serialkillerarchives.com\/index.php\/codigo-etico\/\" \/>\n<meta property=\"og:site_name\" content=\"Serial Killer Archives\" \/>\n<meta property=\"article:modified_time\" content=\"2024-02-01T18:48:39+00:00\" \/>\n<meta name=\"twitter:card\" content=\"summary_large_image\" \/>\n<meta name=\"twitter:label1\" content=\"Est. reading time\" \/>\n\t<meta name=\"twitter:data1\" content=\"1 minute\" \/>\n<script type=\"application\/ld+json\" class=\"yoast-schema-graph\">{\"@context\":\"https:\/\/schema.org\",\"@graph\":[{\"@type\":\"WebPage\",\"@id\":\"https:\/\/serialkillerarchives.com\/index.php\/codigo-etico\/\",\"url\":\"https:\/\/serialkillerarchives.com\/index.php\/codigo-etico\/\",\"name\":\"C\u00f3digo \u00c9tico - serialkillerarchives.com\",\"isPartOf\":{\"@id\":\"https:\/\/serialkillerarchives.com\/#website\"},\"datePublished\":\"2024-01-28T10:46:13+00:00\",\"dateModified\":\"2024-02-01T18:48:39+00:00\",\"description\":\"La informaci\u00f3n publicada se ci\u00f1e a los hechos objetivos tristemente acaecidos, guardando el m\u00e1ximo respeto a v\u00edctimas y familiares.\",\"breadcrumb\":{\"@id\":\"https:\/\/serialkillerarchives.com\/index.php\/codigo-etico\/#breadcrumb\"},\"inLanguage\":\"en-US\",\"potentialAction\":[{\"@type\":\"ReadAction\",\"target\":[\"https:\/\/serialkillerarchives.com\/index.php\/codigo-etico\/\"]}]},{\"@type\":\"BreadcrumbList\",\"@id\":\"https:\/\/serialkillerarchives.com\/index.php\/codigo-etico\/#breadcrumb\",\"itemListElement\":[{\"@type\":\"ListItem\",\"position\":1,\"name\":\"Portada\",\"item\":\"https:\/\/serialkillerarchives.com\/\"},{\"@type\":\"ListItem\",\"position\":2,\"name\":\"C\u00f3digo \u00c9tico\"}]},{\"@type\":\"WebSite\",\"@id\":\"https:\/\/serialkillerarchives.com\/#website\",\"url\":\"https:\/\/serialkillerarchives.com\/\",\"name\":\"Serial Killer Archives\",\"description\":\"El mal nunca, siempre...\",\"publisher\":{\"@id\":\"https:\/\/serialkillerarchives.com\/#organization\"},\"potentialAction\":[{\"@type\":\"SearchAction\",\"target\":{\"@type\":\"EntryPoint\",\"urlTemplate\":\"https:\/\/serialkillerarchives.com\/?s={search_term_string}\"},\"query-input\":\"required name=search_term_string\"}],\"inLanguage\":\"en-US\"},{\"@type\":\"Organization\",\"@id\":\"https:\/\/serialkillerarchives.com\/#organization\",\"name\":\"Serial Killer Archives\",\"url\":\"https:\/\/serialkillerarchives.com\/\",\"logo\":{\"@type\":\"ImageObject\",\"inLanguage\":\"en-US\",\"@id\":\"https:\/\/serialkillerarchives.com\/#\/schema\/logo\/image\/\",\"url\":\"https:\/\/serialkillerarchives.com\/wp-content\/uploads\/2024\/01\/cropped-S-1-1.png\",\"contentUrl\":\"https:\/\/serialkillerarchives.com\/wp-content\/uploads\/2024\/01\/cropped-S-1-1.png\",\"width\":500,\"height\":338,\"caption\":\"Serial Killer Archives\"},\"image\":{\"@id\":\"https:\/\/serialkillerarchives.com\/#\/schema\/logo\/image\/\"}}]}<\/script>\n<!-- \/ Yoast SEO plugin. -->","yoast_head_json":{"title":"C\u00f3digo \u00c9tico - serialkillerarchives.com","description":"La informaci\u00f3n publicada se ci\u00f1e a los hechos objetivos tristemente acaecidos, guardando el m\u00e1ximo respeto a v\u00edctimas y familiares.","robots":{"index":"noindex","follow":"follow"},"og_locale":"en_US","og_type":"article","og_title":"C\u00f3digo \u00c9tico - serialkillerarchives.com","og_description":"La informaci\u00f3n publicada se ci\u00f1e a los hechos objetivos tristemente acaecidos, guardando el m\u00e1ximo respeto a v\u00edctimas y familiares.","og_url":"https:\/\/serialkillerarchives.com\/index.php\/codigo-etico\/","og_site_name":"Serial Killer Archives","article_modified_time":"2024-02-01T18:48:39+00:00","twitter_card":"summary_large_image","twitter_misc":{"Est. reading time":"1 minute"},"schema":{"@context":"https:\/\/schema.org","@graph":[{"@type":"WebPage","@id":"https:\/\/serialkillerarchives.com\/index.php\/codigo-etico\/","url":"https:\/\/serialkillerarchives.com\/index.php\/codigo-etico\/","name":"C\u00f3digo \u00c9tico - serialkillerarchives.com","isPartOf":{"@id":"https:\/\/serialkillerarchives.com\/#website"},"datePublished":"2024-01-28T10:46:13+00:00","dateModified":"2024-02-01T18:48:39+00:00","description":"La informaci\u00f3n publicada se ci\u00f1e a los hechos objetivos tristemente acaecidos, guardando el m\u00e1ximo respeto a v\u00edctimas y familiares.","breadcrumb":{"@id":"https:\/\/serialkillerarchives.com\/index.php\/codigo-etico\/#breadcrumb"},"inLanguage":"en-US","potentialAction":[{"@type":"ReadAction","target":["https:\/\/serialkillerarchives.com\/index.php\/codigo-etico\/"]}]},{"@type":"BreadcrumbList","@id":"https:\/\/serialkillerarchives.com\/index.php\/codigo-etico\/#breadcrumb","itemListElement":[{"@type":"ListItem","position":1,"name":"Portada","item":"https:\/\/serialkillerarchives.com\/"},{"@type":"ListItem","position":2,"name":"C\u00f3digo \u00c9tico"}]},{"@type":"WebSite","@id":"https:\/\/serialkillerarchives.com\/#website","url":"https:\/\/serialkillerarchives.com\/","name":"Serial Killer Archives","description":"El mal nunca, siempre...","publisher":{"@id":"https:\/\/serialkillerarchives.com\/#organization"},"potentialAction":[{"@type":"SearchAction","target":{"@type":"EntryPoint","urlTemplate":"https:\/\/serialkillerarchives.com\/?s={search_term_string}"},"query-input":"required name=search_term_string"}],"inLanguage":"en-US"},{"@type":"Organization","@id":"https:\/\/serialkillerarchives.com\/#organization","name":"Serial Killer Archives","url":"https:\/\/serialkillerarchives.com\/","logo":{"@type":"ImageObject","inLanguage":"en-US","@id":"https:\/\/serialkillerarchives.com\/#\/schema\/logo\/image\/","url":"https:\/\/serialkillerarchives.com\/wp-content\/uploads\/2024\/01\/cropped-S-1-1.png","contentUrl":"https:\/\/serialkillerarchives.com\/wp-content\/uploads\/2024\/01\/cropped-S-1-1.png","width":500,"height":338,"caption":"Serial Killer Archives"},"image":{"@id":"https:\/\/serialkillerarchives.com\/#\/schema\/logo\/image\/"}}]}},"_links":{"self":[{"href":"https:\/\/serialkillerarchives.com\/index.php\/wp-json\/wp\/v2\/pages\/1333"}],"collection":[{"href":"https:\/\/serialkillerarchives.com\/index.php\/wp-json\/wp\/v2\/pages"}],"about":[{"href":"https:\/\/serialkillerarchives.com\/index.php\/wp-json\/wp\/v2\/types\/page"}],"author":[{"embeddable":true,"href":"https:\/\/serialkillerarchives.com\/index.php\/wp-json\/wp\/v2\/users\/1"}],"replies":[{"embeddable":true,"href":"https:\/\/serialkillerarchives.com\/index.php\/wp-json\/wp\/v2\/comments?post=1333"}],"version-history":[{"count":4,"href":"https:\/\/serialkillerarchives.com\/index.php\/wp-json\/wp\/v2\/pages\/1333\/revisions"}],"predecessor-version":[{"id":1394,"href":"https:\/\/serialkillerarchives.com\/index.php\/wp-json\/wp\/v2\/pages\/1333\/revisions\/1394"}],"wp:attachment":[{"href":"https:\/\/serialkillerarchives.com\/index.php\/wp-json\/wp\/v2\/media?parent=1333"}],"curies":[{"name":"wp","href":"https:\/\/api.w.org\/{rel}","templated":true}]}}