{"id":150,"date":"2023-06-07T01:32:40","date_gmt":"2023-06-07T00:32:40","guid":{"rendered":"https:\/\/thevoice.wordifysites.com\/?page_id=150"},"modified":"2024-01-27T20:40:45","modified_gmt":"2024-01-27T19:40:45","slug":"sobre-mi","status":"publish","type":"page","link":"https:\/\/serialkillerarchives.com\/index.php\/sobre-mi\/","title":{"rendered":"Sobre m\u00ed"},"content":{"rendered":"<section class=\"gb-container gb-container-ddc93cf8\">\n<div class=\"gb-container gb-container-7160d0d5\">\n\n<figure class=\"gb-block-image gb-block-image-7736816c\"><img loading=\"lazy\" decoding=\"async\" width=\"1024\" height=\"1024\" class=\"gb-image gb-image-7736816c\" src=\"https:\/\/serialkillerarchives.com\/wp-content\/uploads\/2024\/01\/Asesinos_en_serie_sobre-mi.jpg\" alt=\"El mal nunca duerme\" title=\"Asesinos_en_serie_sobre-mi\" srcset=\"https:\/\/serialkillerarchives.com\/wp-content\/uploads\/2024\/01\/Asesinos_en_serie_sobre-mi.jpg 1024w, https:\/\/serialkillerarchives.com\/wp-content\/uploads\/2024\/01\/Asesinos_en_serie_sobre-mi-300x300.jpg 300w, https:\/\/serialkillerarchives.com\/wp-content\/uploads\/2024\/01\/Asesinos_en_serie_sobre-mi-150x150.jpg 150w, https:\/\/serialkillerarchives.com\/wp-content\/uploads\/2024\/01\/Asesinos_en_serie_sobre-mi-768x768.jpg 768w\" sizes=\"(max-width: 1024px) 100vw, 1024px\" \/><\/figure>\n\n\n\n<div class=\"wp-block-group is-layout-constrained wp-block-group-is-layout-constrained\"><div class=\"wp-block-group__inner-container\">\n<div class=\"wp-block-group has-contrast-color has-text-color has-link-color has-medium-font-size wp-elements-6f12d5a5bcaa3e5124e3ee3790743338 is-layout-constrained wp-block-group-is-layout-constrained\"><div class=\"wp-block-group__inner-container\">\n<p class=\"has-text-align-left\">A mediados y finales de los 70 no se desconoc\u00eda la figura del asesino en serie.<\/p>\n\n\n\n<p>El t\u00e9rmino asesino en serie no se solo exist\u00eda en el mundo cerrado de los conductistas e investigadores de homicidios del FBI, que en la d\u00e9cada de 1970 se enfrentaban a un repentino aumento de asesinatos sin resolver que parec\u00edan estar ligados a responsables \u00fanicos y desconocidos. <\/p>\n\n\n\n<p class=\"has-text-align-left\">Ted Bundy, que asesin\u00f3 por lo menos a 36 j\u00f3venes estudiantes universitarias en seis estados, emergi\u00f3 de aquella \u00e9poca como el prototipo de asesino en serie posmoderno. <\/p>\n\n\n\n<p>Pero en las pel\u00edculas, en la realidad y en la literatura de \ufb01cci\u00f3n, en los medios de comunicaci\u00f3n, en la cultura popular e incluso en la psiquiatr\u00eda forense, no exist\u00eda un t\u00e9rmino consensuado para de\ufb01nir a Ted Bundy, ni para aquello con lo que se encontraron los investigadores, tal como lo tenemos ahora: el nombre <a href=\"https:\/\/serialkillerarchives.com\/index.php\/2024\/01\/25\/asesinos-en-serie\/\" target=\"_blank\" rel=\"noreferrer noopener\">asesino en serie<\/a>.<\/p>\n<\/div><\/div>\n<\/div><\/div>\n\n<\/div>\n\n<div class=\"gb-container gb-container-7584a3d5\">\n<h1 class=\"gb-headline gb-headline-5fbecb7d gb-headline-text\">Sobre m\u00ed<\/h1>\n\n\n<p class=\"has-medium-font-size\">No soy un asesino en serie ni tengo previsto dedicarme a ello en los pr\u00f3ximos a\u00f1os.<\/p>\n\n\n\n<p class=\"has-medium-font-size\">Si soy un friki de la psicolog\u00eda y en particular la de estos inquietantes seres humanos.<\/p>\n\n\n\n<p class=\"has-medium-font-size\">Hay algo en la comprensi\u00f3n del mal que me intriga y me repele al mismo tiempo.<\/p>\n\n\n\n<p class=\"has-medium-font-size\">No es mi labor juzgarlos, sus hechos se juzgan por si solos.<\/p>\n\n\n\n<p class=\"has-medium-font-size\">Solo estoy aqu\u00ed para arrojar luz a los hechos ocurridos alrededor de estos deleznables hom\u00ednidos.<\/p>\n\n\n\n<p class=\"has-medium-font-size\">Cabe recordar que tenemos una carga gen\u00e9tica que nos convierte a todos en potenciales asesinos en serie y que solo una correcta educaci\u00f3n y sociabilizaci\u00f3n nos aparta de ese l\u00fagubre mundo<\/p>\n\n\n\n<p class=\"has-medium-font-size\">Ha sido un trabajo duro pero enriquecedor, muchas horas de lectura y dedicaci\u00f3n.<\/p>\n\n\n\n<p class=\"has-medium-font-size\">Quiz\u00e1 alguna de los relatos y escenas que aqu\u00ed se describen provoquen que te gires cuando sientas a un desconocido caminando tras de ti&#8230;<\/p>\n\n\n\n<p class=\"has-medium-font-size\">Te invito a que te unas en este viaje a la mente del asesino.&nbsp;<\/p>\n\n\n\n<p class=\"has-medium-font-size\">Bienvenido<\/p>\n\n<\/div>\n<\/section>","protected":false},"excerpt":{"rendered":"<p>A mediados y finales de los 70 no se desconoc\u00eda la figura del asesino en serie. El t\u00e9rmino asesino en serie no se solo exist\u00eda en el mundo cerrado de los conductistas e investigadores de homicidios del FBI, que en la d\u00e9cada de 1970 se enfrentaban a un repentino aumento de asesinatos sin resolver que &#8230; <\/p>\n<p class=\"read-more-container\"><a title=\"Sobre m\u00ed\" class=\"read-more button\" href=\"https:\/\/serialkillerarchives.com\/index.php\/sobre-mi\/#more-150\" aria-label=\"Read more about Sobre m\u00ed\">Read more<\/a><\/p>\n","protected":false},"author":1,"featured_media":0,"parent":0,"menu_order":0,"comment_status":"closed","ping_status":"closed","template":"","meta":{"footnotes":""},"yoast_head":"<!-- This site is optimized with the Yoast SEO plugin v21.7 - https:\/\/yoast.com\/wordpress\/plugins\/seo\/ -->\n<title>Sobre mi - El mal nunca, siempre...<\/title>\n<meta name=\"description\" content=\"Animal prius est homine. [El animal es anterior al hombre]. ANICIO BOECIO. Sabemos muy poco de estos seres inadaptados.\" \/>\n<meta name=\"robots\" content=\"index, follow, max-snippet:-1, max-image-preview:large, max-video-preview:-1\" \/>\n<link rel=\"canonical\" href=\"https:\/\/serialkillerarchives.com\/index.php\/sobre-mi\/\" \/>\n<meta property=\"og:locale\" content=\"en_US\" \/>\n<meta property=\"og:type\" content=\"article\" \/>\n<meta property=\"og:title\" content=\"Sobre mi - El mal nunca, siempre...\" \/>\n<meta property=\"og:description\" content=\"Animal prius est homine. [El animal es anterior al hombre]. ANICIO BOECIO. Sabemos muy poco de estos seres inadaptados.\" \/>\n<meta property=\"og:url\" content=\"https:\/\/serialkillerarchives.com\/index.php\/sobre-mi\/\" \/>\n<meta property=\"og:site_name\" content=\"Serial Killer Archives\" \/>\n<meta property=\"article:modified_time\" content=\"2024-01-27T19:40:45+00:00\" \/>\n<meta property=\"og:image\" content=\"https:\/\/serialkillerarchives.com\/wp-content\/uploads\/2024\/01\/Asesinos_en_serie_sobre-mi.jpg\" \/>\n<meta name=\"twitter:card\" content=\"summary_large_image\" \/>\n<meta name=\"twitter:label1\" content=\"Est. reading time\" \/>\n\t<meta name=\"twitter:data1\" content=\"2 minutes\" \/>\n<script type=\"application\/ld+json\" class=\"yoast-schema-graph\">{\"@context\":\"https:\/\/schema.org\",\"@graph\":[{\"@type\":\"WebPage\",\"@id\":\"https:\/\/serialkillerarchives.com\/index.php\/sobre-mi\/\",\"url\":\"https:\/\/serialkillerarchives.com\/index.php\/sobre-mi\/\",\"name\":\"Sobre mi - El mal nunca, siempre...\",\"isPartOf\":{\"@id\":\"https:\/\/serialkillerarchives.com\/#website\"},\"datePublished\":\"2023-06-07T00:32:40+00:00\",\"dateModified\":\"2024-01-27T19:40:45+00:00\",\"description\":\"Animal prius est homine. [El animal es anterior al hombre]. ANICIO BOECIO. Sabemos muy poco de estos seres inadaptados.\",\"breadcrumb\":{\"@id\":\"https:\/\/serialkillerarchives.com\/index.php\/sobre-mi\/#breadcrumb\"},\"inLanguage\":\"en-US\",\"potentialAction\":[{\"@type\":\"ReadAction\",\"target\":[\"https:\/\/serialkillerarchives.com\/index.php\/sobre-mi\/\"]}]},{\"@type\":\"BreadcrumbList\",\"@id\":\"https:\/\/serialkillerarchives.com\/index.php\/sobre-mi\/#breadcrumb\",\"itemListElement\":[{\"@type\":\"ListItem\",\"position\":1,\"name\":\"Portada\",\"item\":\"https:\/\/serialkillerarchives.com\/\"},{\"@type\":\"ListItem\",\"position\":2,\"name\":\"Sobre m\u00ed\"}]},{\"@type\":\"WebSite\",\"@id\":\"https:\/\/serialkillerarchives.com\/#website\",\"url\":\"https:\/\/serialkillerarchives.com\/\",\"name\":\"Serial Killer Archives\",\"description\":\"El mal nunca, siempre...\",\"publisher\":{\"@id\":\"https:\/\/serialkillerarchives.com\/#organization\"},\"potentialAction\":[{\"@type\":\"SearchAction\",\"target\":{\"@type\":\"EntryPoint\",\"urlTemplate\":\"https:\/\/serialkillerarchives.com\/?s={search_term_string}\"},\"query-input\":\"required name=search_term_string\"}],\"inLanguage\":\"en-US\"},{\"@type\":\"Organization\",\"@id\":\"https:\/\/serialkillerarchives.com\/#organization\",\"name\":\"Serial Killer Archives\",\"url\":\"https:\/\/serialkillerarchives.com\/\",\"logo\":{\"@type\":\"ImageObject\",\"inLanguage\":\"en-US\",\"@id\":\"https:\/\/serialkillerarchives.com\/#\/schema\/logo\/image\/\",\"url\":\"https:\/\/serialkillerarchives.com\/wp-content\/uploads\/2024\/01\/cropped-S-1-1.png\",\"contentUrl\":\"https:\/\/serialkillerarchives.com\/wp-content\/uploads\/2024\/01\/cropped-S-1-1.png\",\"width\":500,\"height\":338,\"caption\":\"Serial Killer Archives\"},\"image\":{\"@id\":\"https:\/\/serialkillerarchives.com\/#\/schema\/logo\/image\/\"}}]}<\/script>\n<!-- \/ Yoast SEO plugin. -->","yoast_head_json":{"title":"Sobre mi - El mal nunca, siempre...","description":"Animal prius est homine. [El animal es anterior al hombre]. ANICIO BOECIO. Sabemos muy poco de estos seres inadaptados.","robots":{"index":"index","follow":"follow","max-snippet":"max-snippet:-1","max-image-preview":"max-image-preview:large","max-video-preview":"max-video-preview:-1"},"canonical":"https:\/\/serialkillerarchives.com\/index.php\/sobre-mi\/","og_locale":"en_US","og_type":"article","og_title":"Sobre mi - El mal nunca, siempre...","og_description":"Animal prius est homine. [El animal es anterior al hombre]. ANICIO BOECIO. Sabemos muy poco de estos seres inadaptados.","og_url":"https:\/\/serialkillerarchives.com\/index.php\/sobre-mi\/","og_site_name":"Serial Killer Archives","article_modified_time":"2024-01-27T19:40:45+00:00","og_image":[{"url":"https:\/\/serialkillerarchives.com\/wp-content\/uploads\/2024\/01\/Asesinos_en_serie_sobre-mi.jpg"}],"twitter_card":"summary_large_image","twitter_misc":{"Est. reading time":"2 minutes"},"schema":{"@context":"https:\/\/schema.org","@graph":[{"@type":"WebPage","@id":"https:\/\/serialkillerarchives.com\/index.php\/sobre-mi\/","url":"https:\/\/serialkillerarchives.com\/index.php\/sobre-mi\/","name":"Sobre mi - El mal nunca, siempre...","isPartOf":{"@id":"https:\/\/serialkillerarchives.com\/#website"},"datePublished":"2023-06-07T00:32:40+00:00","dateModified":"2024-01-27T19:40:45+00:00","description":"Animal prius est homine. [El animal es anterior al hombre]. ANICIO BOECIO. Sabemos muy poco de estos seres inadaptados.","breadcrumb":{"@id":"https:\/\/serialkillerarchives.com\/index.php\/sobre-mi\/#breadcrumb"},"inLanguage":"en-US","potentialAction":[{"@type":"ReadAction","target":["https:\/\/serialkillerarchives.com\/index.php\/sobre-mi\/"]}]},{"@type":"BreadcrumbList","@id":"https:\/\/serialkillerarchives.com\/index.php\/sobre-mi\/#breadcrumb","itemListElement":[{"@type":"ListItem","position":1,"name":"Portada","item":"https:\/\/serialkillerarchives.com\/"},{"@type":"ListItem","position":2,"name":"Sobre m\u00ed"}]},{"@type":"WebSite","@id":"https:\/\/serialkillerarchives.com\/#website","url":"https:\/\/serialkillerarchives.com\/","name":"Serial Killer Archives","description":"El mal nunca, siempre...","publisher":{"@id":"https:\/\/serialkillerarchives.com\/#organization"},"potentialAction":[{"@type":"SearchAction","target":{"@type":"EntryPoint","urlTemplate":"https:\/\/serialkillerarchives.com\/?s={search_term_string}"},"query-input":"required name=search_term_string"}],"inLanguage":"en-US"},{"@type":"Organization","@id":"https:\/\/serialkillerarchives.com\/#organization","name":"Serial Killer Archives","url":"https:\/\/serialkillerarchives.com\/","logo":{"@type":"ImageObject","inLanguage":"en-US","@id":"https:\/\/serialkillerarchives.com\/#\/schema\/logo\/image\/","url":"https:\/\/serialkillerarchives.com\/wp-content\/uploads\/2024\/01\/cropped-S-1-1.png","contentUrl":"https:\/\/serialkillerarchives.com\/wp-content\/uploads\/2024\/01\/cropped-S-1-1.png","width":500,"height":338,"caption":"Serial Killer Archives"},"image":{"@id":"https:\/\/serialkillerarchives.com\/#\/schema\/logo\/image\/"}}]}},"_links":{"self":[{"href":"https:\/\/serialkillerarchives.com\/index.php\/wp-json\/wp\/v2\/pages\/150"}],"collection":[{"href":"https:\/\/serialkillerarchives.com\/index.php\/wp-json\/wp\/v2\/pages"}],"about":[{"href":"https:\/\/serialkillerarchives.com\/index.php\/wp-json\/wp\/v2\/types\/page"}],"author":[{"embeddable":true,"href":"https:\/\/serialkillerarchives.com\/index.php\/wp-json\/wp\/v2\/users\/1"}],"replies":[{"embeddable":true,"href":"https:\/\/serialkillerarchives.com\/index.php\/wp-json\/wp\/v2\/comments?post=150"}],"version-history":[{"count":34,"href":"https:\/\/serialkillerarchives.com\/index.php\/wp-json\/wp\/v2\/pages\/150\/revisions"}],"predecessor-version":[{"id":1324,"href":"https:\/\/serialkillerarchives.com\/index.php\/wp-json\/wp\/v2\/pages\/150\/revisions\/1324"}],"wp:attachment":[{"href":"https:\/\/serialkillerarchives.com\/index.php\/wp-json\/wp\/v2\/media?parent=150"}],"curies":[{"name":"wp","href":"https:\/\/api.w.org\/{rel}","templated":true}]}}